{"id":342,"date":"2014-06-28T15:08:48","date_gmt":"2014-06-28T15:08:48","guid":{"rendered":"http:\/\/sv-webdev2.guehring.de\/wp_laender2\/?page_id=342"},"modified":"2018-01-19T11:39:54","modified_gmt":"2018-01-19T10:39:54","slug":"industries-branchen","status":"publish","type":"page","link":"https:\/\/www.guehring.si\/?page_id=342","title":{"rendered":"Industries &#8211; Brancher"},"content":{"rendered":"<p>[et_pb_section bb_built=&#187;1&#8243; admin_label=&#187;section&#187; background_image=&#187;\/wp-content\/uploads\/2014\/03\/HG_branchen.jpg&#187; background_color=&#187;#ffffff&#187; inner_shadow=&#187;off&#187; parallax=&#187;on&#187; transparent_background=&#187;off&#187; parallax_method=&#187;off&#187;][et_pb_row admin_label=&#187;row&#187; background_position=&#187;top_left&#187; background_repeat=&#187;repeat&#187; background_size=&#187;initial&#187;][et_pb_column type=&#187;4_4&#8243;][et_pb_text admin_label=&#187;Pooled industry knowledge&#187; background_layout=&#187;light&#187; text_orientation=&#187;left&#187; text_font_size=&#187;14&#8243; use_border_color=&#187;off&#187; border_color=&#187;#ffffff&#187; border_style=&#187;solid&#187; background_position=&#187;top_left&#187; background_repeat=&#187;repeat&#187; background_size=&#187;initial&#187;]<\/p>\n<p><img loading=\"lazy\" decoding=\"async\" class=\"alignnone wp-image-3275 size-full\" src=\"http:\/\/wpsi.guehring.de\/wp-content\/uploads\/2014\/06\/brancher_SI.png\" alt=\"\" width=\"920\" height=\"257\" srcset=\"https:\/\/www.guehring.si\/wp-content\/uploads\/2014\/06\/brancher_SI.png 920w, https:\/\/www.guehring.si\/wp-content\/uploads\/2014\/06\/brancher_SI-300x84.png 300w\" sizes=\"(max-width: 920px) 100vw, 920px\" \/><\/p>\n<div><\/div>\n<p>[\/et_pb_text][et_pb_divider color=&#187;#ffffff&#187; show_divider=&#187;off&#187; height=&#187;230&#8243; disabled_on=&#187;on|on|off&#187;]<br \/>\n[\/et_pb_divider][et_pb_text background_layout=&#187;light&#187; text_orientation=&#187;left&#187; text_font_size=&#187;14&#8243; use_border_color=&#187;off&#187; border_color=&#187;#ffffff&#187; border_style=&#187;solid&#187; background_position=&#187;top_left&#187; background_repeat=&#187;repeat&#187; background_size=&#187;initial&#187;]<\/p>\n<h1>Zdru\u017eeno znanje industrij<\/h1>\n<div>\n<h2>Dobro razvite orodne re\u0161itve za hitro razvijajo\u010de industrijske bran\u017ee<\/h2>\n<h4>G\u00fchring je ustanovil poseben sektor za avtomobilski in letalski sektor.<br \/>\nNa\u0161im strankam svetujemo z najbolj\u0161im znanjem na tem podro\u010dju.<\/h4>\n<\/div>\n<p>[\/et_pb_text][\/et_pb_column][\/et_pb_row][\/et_pb_section][et_pb_section bb_built=&#187;1&#8243; admin_label=&#187;section&#187; fullwidth=&#187;off&#187; background_image=&#187;\/wp-content\/uploads\/2014\/03\/hg_flieger.jpg&#187; background_color=&#187;#ffffff&#187; inner_shadow=&#187;off&#187; parallax=&#187;on&#187; transparent_background=&#187;off&#187; parallax_method=&#187;off&#187;][et_pb_row admin_label=&#187;row&#187; background_position=&#187;top_left&#187; background_repeat=&#187;repeat&#187; background_size=&#187;initial&#187;][et_pb_column type=&#187;4_4&#8243;][et_pb_text admin_label=&#187;Aircraft&#187; background_layout=&#187;light&#187; text_orientation=&#187;left&#187; text_font_size=&#187;14&#8243; use_border_color=&#187;off&#187; border_color=&#187;#ffffff&#187; border_style=&#187;solid&#187; background_position=&#187;top_left&#187; background_repeat=&#187;repeat&#187; background_size=&#187;initial&#187;]<\/p>\n<p><a name=\"aircraft\"><\/a><\/p>\n<p>&nbsp;<\/p>\n<h1>Letalska industrija<\/h1>\n<p>[\/et_pb_text][\/et_pb_column][\/et_pb_row][et_pb_row admin_label=&#187;row&#187; background_position=&#187;top_left&#187; background_repeat=&#187;repeat&#187; background_size=&#187;initial&#187;][et_pb_column type=&#187;1_4&#8243;][\/et_pb_column][et_pb_column type=&#187;3_4&#8243;][et_pb_text admin_label=&#187;High-tech&#187; background_layout=&#187;light&#187; use_border_color=&#187;off&#187; background_position=&#187;top_left&#187; background_repeat=&#187;repeat&#187; background_size=&#187;initial&#187; _builder_version=&#187;3.0.97&#8243;]<\/p>\n<h2>High-tech za vzlet<\/h2>\n<h3><span style=\"color: black;\"><span style=\"color: black;\">Specializirani za visoke zahteve vesoljske industrije: Na\u0161a skupina Letalstvo se osredoto\u010da na celovite re\u0161itve procesov z zanesljivo obdelavo visokotehnolo\u0161kih materialov, kot so kompoziti, titan in aluminijevih zlitin ali super zlitin, kot na primer Inconel in Waspalloy .<\/span><\/span><\/h3>\n<p><a href=\"https:\/\/www.guehring.de\/guehring-wAssets\/docs\/demo\/EN\/industries\/Aircraft_en.pdf\" target=\"_blank\" rel=\"noopener\"><img loading=\"lazy\" decoding=\"async\" class=\"alignnone wp-image-1879 size-full\" src=\"https:\/\/si.guehring.com\/wp-content\/uploads\/2014\/02\/pdf_grau.png\" alt=\"Aircraft\" width=\"90\" height=\"90\" \/><\/a><\/p>\n<p>[\/et_pb_text][\/et_pb_column][\/et_pb_row][et_pb_row admin_label=&#187;row&#187; background_position=&#187;top_left&#187; background_repeat=&#187;repeat&#187; background_size=&#187;initial&#187;][et_pb_column type=&#187;4_4&#8243;][et_pb_image admin_label=&#187;Flieger&#187; src=&#187;\/wp-content\/uploads\/2014\/03\/flieger.png&#187; url_new_window=&#187;off&#187; animation=&#187;left&#187; show_in_lightbox=&#187;off&#187; sticky=&#187;off&#187; animation_style=&#187;slide&#187; animation_duration=&#187;500ms&#187; animation_intensity_slide=&#187;10%&#187; animation_direction=&#187;left&#187; show_bottom_space=&#187;on&#187;]<br \/>\n[\/et_pb_image][\/et_pb_column][\/et_pb_row][\/et_pb_section][et_pb_section bb_built=&#187;1&#8243; admin_label=&#187;section&#187; fullwidth=&#187;off&#187; background_image=&#187;\/wp-content\/uploads\/2014\/03\/hg_automotive.jpg&#187; background_color=&#187;#ffffff&#187; inner_shadow=&#187;off&#187; parallax=&#187;on&#187; transparent_background=&#187;off&#187; parallax_method=&#187;off&#187;][et_pb_row admin_label=&#187;row&#187; background_position=&#187;top_left&#187; background_repeat=&#187;repeat&#187; background_size=&#187;initial&#187;][et_pb_column type=&#187;4_4&#8243;][et_pb_text admin_label=&#187;Automotive&#187; background_layout=&#187;light&#187; text_orientation=&#187;left&#187; text_font_size=&#187;14&#8243; use_border_color=&#187;off&#187; border_color=&#187;#ffffff&#187; border_style=&#187;solid&#187; background_position=&#187;top_left&#187; background_repeat=&#187;repeat&#187; background_size=&#187;initial&#187;]<\/p>\n<p><a name=\"automotive\"><\/a><\/p>\n<p>&nbsp;<\/p>\n<h1>Avtomobilska industrija<\/h1>\n<div class=\"sectionContainer\">\n<div class=\"infoBox\">\n<div class=\"htmlText \">\n<h2>Nenehen razvoj<\/h2>\n<\/div>\n<\/div>\n<\/div>\n<h3>V tesnem sodelovanju s priznanimi proizvajalci avtomobilov, gospodarskih in specialnih vozil in avtomobilskih dobaviteljev, G\u00fchring razvija optimalne orodne re\u0161itve za u\u010dinkovite proizvodne procese in izdelke.<\/h3>\n<p>[\/et_pb_text][\/et_pb_column][\/et_pb_row][et_pb_row admin_label=&#187;row&#187; background_position=&#187;top_left&#187; background_repeat=&#187;repeat&#187; background_size=&#187;initial&#187;][et_pb_column type=&#187;1_2&#8243;][et_pb_text _builder_version=&#187;3.0.97&#8243; background_layout=&#187;light&#187;]<\/p>\n<p><a href=\"https:\/\/www.guehring.de\/en\/industries\/automotive.php\" target=\"_blank\" rel=\"noopener\"><img loading=\"lazy\" decoding=\"async\" class=\"alignnone wp-image-1879 size-full\" src=\"https:\/\/si.guehring.com\/wp-content\/uploads\/2014\/02\/pdf_grau.png\" alt=\"\" width=\"90\" height=\"90\" \/><\/a><\/p>\n<p>[\/et_pb_text][\/et_pb_column][et_pb_column type=&#187;1_2&#8243;][\/et_pb_column][\/et_pb_row][\/et_pb_section][et_pb_section bb_built=&#187;1&#8243; admin_label=&#187;section&#187; fullwidth=&#187;off&#187; background_image=&#187;\/wp-content\/uploads\/2014\/03\/hg_automotive2.jpg&#187; background_color=&#187;#ffffff&#187; inner_shadow=&#187;off&#187; parallax=&#187;off&#187; transparent_background=&#187;off&#187; parallax_method=&#187;off&#187;][et_pb_row admin_label=&#187;row&#187; background_position=&#187;top_left&#187; background_repeat=&#187;repeat&#187; background_size=&#187;initial&#187;][et_pb_column type=&#187;1_2&#8243;][et_pb_text admin_label=&#187;Maschinenbau&#187; background_layout=&#187;light&#187; use_border_color=&#187;off&#187; background_position=&#187;top_left&#187; background_repeat=&#187;repeat&#187; background_size=&#187;initial&#187; _builder_version=&#187;3.0.97&#8243;]<\/p>\n<p><a name=\"generalengineering\"><\/a><\/p>\n<p>&nbsp;<\/p>\n<h1>Splo\u0161na strojegradnja<\/h1>\n<div>\n<div>\n<h2>Vse iz ene roke<\/h2>\n<h4><\/h4>\n<p><a href=\"https:\/\/www.guehring.de\/guehring-wAssets\/docs\/demo\/Dienstleistung\/Retooling_2017_Broschuere.pdf\" target=\"_blank\" rel=\"noopener\"><img loading=\"lazy\" decoding=\"async\" class=\"alignnone wp-image-1879 size-full\" src=\"http:\/\/wpsi.guehring.de\/wp-content\/uploads\/2014\/02\/pdf_grau.png\" alt=\"\" width=\"90\" height=\"90\" \/><\/a><\/p>\n<\/div>\n<\/div>\n<p>[\/et_pb_text][\/et_pb_column][et_pb_column type=&#187;1_2&#8243;][et_pb_text background_layout=&#187;light&#187; text_orientation=&#187;left&#187; text_font_size=&#187;14&#8243; use_border_color=&#187;off&#187; border_color=&#187;#ffffff&#187; border_style=&#187;solid&#187; background_position=&#187;top_left&#187; background_repeat=&#187;repeat&#187; background_size=&#187;initial&#187;]<\/p>\n<h4>G\u00fchring je aktiven partner v podro\u010dju splo\u0161ne strojegradnje. Temelje\u010d na trodimenzijskih podatkih obdelovanca, rezilnem orodju in proizvodnem procesu, na\u0161 oddelek OEM ustvarja celoten postopek obdelave. Prizadeva si dose\u010di najbolj u\u010dinkovit postopek proizvodnje komponent in vklju\u010diti tudi obse\u017ene poskuse in simulacije, sodelovati pri zagonu proizvodnje ter izbolj\u0161evati in optimizirati delovni proces.<\/h4>\n<p>[\/et_pb_text][\/et_pb_column][\/et_pb_row][et_pb_row admin_label=&#187;row&#187; background_position=&#187;top_left&#187; background_repeat=&#187;repeat&#187; background_size=&#187;initial&#187;][et_pb_column type=&#187;4_4&#8243;][et_pb_divider color=&#187;#ffffff&#187; show_divider=&#187;off&#187; height=&#187;300&#8243; disabled_on=&#187;on|on|off&#187;]<br \/>\n[\/et_pb_divider][\/et_pb_column][\/et_pb_row][\/et_pb_section][et_pb_section bb_built=&#187;1&#8243; admin_label=&#187;section&#187; fullwidth=&#187;off&#187; background_image=&#187;\/wp-content\/uploads\/2014\/03\/hg_engeneer.jpg&#187; background_color=&#187;#ffffff&#187; inner_shadow=&#187;off&#187; parallax=&#187;off&#187; transparent_background=&#187;off&#187; parallax_method=&#187;off&#187;][et_pb_row admin_label=&#187;row&#187; background_position=&#187;top_left&#187; background_repeat=&#187;repeat&#187; background_size=&#187;initial&#187;][et_pb_column type=&#187;4_4&#8243;][et_pb_text admin_label=&#187;Energy Technology&#187; background_layout=&#187;light&#187; use_border_color=&#187;off&#187; background_position=&#187;top_left&#187; background_repeat=&#187;repeat&#187; background_size=&#187;initial&#187; _builder_version=&#187;3.0.97&#8243;]<\/p>\n<p><a name=\"energytechnology\"><\/a><\/p>\n<p>&nbsp;<\/p>\n<h1>Za energetsko tehnologijo<\/h1>\n<div>\n<div>\n<h2>Vizionarska orodja za podporo okolja<\/h2>\n<h3>Vetrne turbine, toplote in elektri\u010dne enote ali turbine &#8211; G\u00fchring ponuja futuristi\u010dno in cenovno sprejemljive re\u0161itve za obdelavo konvencionalnih in visokotehnolo\u0161kih materialov, uporabljenih pri izdelavi energetske opreme.<\/h3>\n<p>&nbsp;<\/p>\n<p><a href=\"https:\/\/www.guehring.de\/en\/industries\/energy-technology.php\" target=\"_blank\" rel=\"noopener\"><img loading=\"lazy\" decoding=\"async\" class=\"alignnone wp-image-1861 size-full\" src=\"http:\/\/wpsi.guehring.de\/wp-content\/uploads\/2014\/02\/icon_pdf.png\" alt=\"\" width=\"80\" height=\"80\" \/><\/a><\/p>\n<\/div>\n<\/div>\n<p>[\/et_pb_text][\/et_pb_column][\/et_pb_row][\/et_pb_section]<\/p>\n","protected":false},"excerpt":{"rendered":"<p>Zdru\u017eeno znanje industrij Dobro razvite orodne re\u0161itve za hitro razvijajo\u010de industrijske bran\u017ee G\u00fchring je ustanovil poseben sektor za avtomobilski in letalski sektor. Na\u0161im strankam svetujemo z najbolj\u0161im znanjem na tem podro\u010dju. &nbsp; Letalska industrija High-tech za vzlet Specializirani za visoke zahteve vesoljske industrije: Na\u0161a skupina Letalstvo se osredoto\u010da na celovite re\u0161itve procesov z zanesljivo obdelavo [&hellip;]<\/p>\n","protected":false},"author":1,"featured_media":0,"parent":0,"menu_order":0,"comment_status":"open","ping_status":"open","template":"","meta":{"_et_pb_use_builder":"on","_et_pb_old_content":"","_et_gb_content_width":"","footnotes":""},"class_list":["post-342","page","type-page","status-publish","hentry"],"_links":{"self":[{"href":"https:\/\/www.guehring.si\/index.php?rest_route=\/wp\/v2\/pages\/342","targetHints":{"allow":["GET"]}}],"collection":[{"href":"https:\/\/www.guehring.si\/index.php?rest_route=\/wp\/v2\/pages"}],"about":[{"href":"https:\/\/www.guehring.si\/index.php?rest_route=\/wp\/v2\/types\/page"}],"author":[{"embeddable":true,"href":"https:\/\/www.guehring.si\/index.php?rest_route=\/wp\/v2\/users\/1"}],"replies":[{"embeddable":true,"href":"https:\/\/www.guehring.si\/index.php?rest_route=%2Fwp%2Fv2%2Fcomments&post=342"}],"version-history":[{"count":60,"href":"https:\/\/www.guehring.si\/index.php?rest_route=\/wp\/v2\/pages\/342\/revisions"}],"predecessor-version":[{"id":3634,"href":"https:\/\/www.guehring.si\/index.php?rest_route=\/wp\/v2\/pages\/342\/revisions\/3634"}],"wp:attachment":[{"href":"https:\/\/www.guehring.si\/index.php?rest_route=%2Fwp%2Fv2%2Fmedia&parent=342"}],"curies":[{"name":"wp","href":"https:\/\/api.w.org\/{rel}","templated":true}]}}