{"id":164,"date":"2014-06-05T16:19:19","date_gmt":"2014-06-05T16:19:19","guid":{"rendered":"http:\/\/sv-webdev2.guehring.de\/wp_laender2\/?page_id=164"},"modified":"2022-04-26T12:26:34","modified_gmt":"2022-04-26T10:26:34","slug":"produkte","status":"publish","type":"page","link":"https:\/\/www.guehring.si\/?page_id=164","title":{"rendered":"Produkte"},"content":{"rendered":"<p>[et_pb_section fb_built=&#187;1&#8243; admin_label=&#187;section&#187; _builder_version=&#187;3.22&#8243; background_color=&#187;#ffffff&#187; background_image=&#187;\/wp-content\/uploads\/2014\/03\/HG.jpg&#187; transparent_background=&#187;off&#187;][et_pb_row admin_label=&#187;row&#187; _builder_version=&#187;3.25&#8243; background_size=&#187;initial&#187; background_position=&#187;top_left&#187; background_repeat=&#187;repeat&#187;][et_pb_column type=&#187;4_4&#8243; _builder_version=&#187;3.25&#8243; custom_padding=&#187;|||&#187; custom_padding__hover=&#187;|||&#187;][et_pb_image src=&#187;\/wp-content\/uploads\/2014\/03\/highlights.png&#187; align_tablet=&#187;center&#187; align_last_edited=&#187;on|desktop&#187; admin_label=&#187;HighLights-Bild&#187; _builder_version=&#187;3.23&#8243; animation_style=&#187;slide&#187; animation_direction=&#187;left&#187; animation_duration=&#187;500ms&#187; animation_intensity_slide=&#187;10%&#187; animation=&#187;left&#187; sticky=&#187;off&#187;]&nbsp;<br \/>\n[\/et_pb_image][\/et_pb_column][\/et_pb_row][\/et_pb_section][et_pb_section fb_built=&#187;1&#8243; admin_label=&#187;section&#187; _builder_version=&#187;3.22&#8243; background_color=&#187;#ffffff&#187; background_image=&#187;\/wp-content\/uploads\/2014\/03\/hg_bohrer.jpg&#187; parallax=&#187;on&#187; parallax_method=&#187;off&#187; transparent_background=&#187;off&#187;][et_pb_row admin_label=&#187;row&#187; _builder_version=&#187;3.25&#8243; background_size=&#187;initial&#187; background_position=&#187;top_left&#187; background_repeat=&#187;repeat&#187;][et_pb_column type=&#187;4_4&#8243; _builder_version=&#187;3.25&#8243; custom_padding=&#187;|||&#187; custom_padding__hover=&#187;|||&#187;][et_pb_text admin_label=&#187;Text Bohrwerkzeuge&#187; _builder_version=&#187;3.27.4&#8243; background_size=&#187;initial&#187; background_position=&#187;top_left&#187; background_repeat=&#187;repeat&#187; use_border_color=&#187;off&#187;]<a name=\"drilling\"><\/a><\/p>\n<p>&nbsp;<\/p>\n<p>&nbsp;<\/p>\n<h1>Vrtanje<\/h1>\n<h2><\/h2>\n<h2>Prefinjena tehnologija vrtanja!<\/h2>\n<h4>Na\u0161 izbor svedrov zajema mikro svedre od \u00d8 0,1 mm do posebnih svedrov premera \u00d8 180 mm, HSS ali trdokovinski.<\/h4>\n<h4>25.000 proizvodov za vsako uporabo: Kdo ponuja ve\u010d?<\/h4>\n<p><a href=\"https:\/\/www.guehring.de\/en\/about-guhring\/newsroom\/downloads.php\" target=\"_blank\" rel=\"noopener\"><img loading=\"lazy\" decoding=\"async\" class=\"alignnone wp-image-1740 size-full\" src=\"https:\/\/si.guehring.com\/wp-content\/uploads\/2014\/02\/pdf_grau_icon.png\" alt=\"\" width=\"80\" height=\"80\" \/><\/a> <a href=\"https:\/\/shop.guehring.de\/navigator\/\" target=\"_blank\" rel=\"noopener\"><img loading=\"lazy\" decoding=\"async\" class=\"alignnone wp-image-1922 size-full\" src=\"http:\/\/wpsi.guehring.de\/wp-content\/uploads\/2014\/03\/icon_navigator.png\" alt=\"\" width=\"80\" height=\"80\" \/><\/a><br \/>\n[\/et_pb_text][et_pb_divider show_divider=&#187;off&#187; disabled_on=&#187;on|on|off&#187; _builder_version=&#187;3.2&#8243;]&nbsp;<br \/>\n[\/et_pb_divider][et_pb_text admin_label=&#187;bohrerbild&#187; _builder_version=&#187;3.27.4&#8243; background_size=&#187;initial&#187; background_position=&#187;top_left&#187; background_repeat=&#187;repeat&#187;]<img loading=\"lazy\" decoding=\"async\" class=\"alignnone size-full wp-image-406\" src=\"\/wp-content\/uploads\/2014\/03\/bohrer_frei.png\" alt=\"bohrer_frei\" width=\"796\" height=\"568\" \/><br \/>\n[\/et_pb_text][\/et_pb_column][\/et_pb_row][\/et_pb_section][et_pb_section fb_built=&#187;1&#8243; admin_label=&#187;section&#187; _builder_version=&#187;3.22&#8243; background_color=&#187;#ffffff&#187; background_image=&#187;\/wp-content\/uploads\/2014\/03\/hg_gewinde.jpg&#187; parallax=&#187;on&#187; parallax_method=&#187;off&#187; transparent_background=&#187;off&#187;][et_pb_row admin_label=&#187;row&#187; _builder_version=&#187;3.25&#8243; background_size=&#187;initial&#187; background_position=&#187;top_left&#187; background_repeat=&#187;repeat&#187;][et_pb_column type=&#187;4_4&#8243; _builder_version=&#187;3.25&#8243; custom_padding=&#187;|||&#187; custom_padding__hover=&#187;|||&#187;][et_pb_text admin_label=&#187;Text_Gewindewerkzeuge&#187; _builder_version=&#187;3.27.4&#8243; background_size=&#187;initial&#187; background_position=&#187;top_left&#187; background_repeat=&#187;repeat&#187; use_border_color=&#187;off&#187;]<a name=\"threading\"><\/a><\/p>\n<p>&nbsp;<\/p>\n<p>&nbsp;<\/p>\n<h1>Navojno orodje<\/h1>\n<h2>Popolni navoji!<\/h2>\n<h3>Navojni svedri, vtiskovalci ali navojni rezkarji &#8211; G\u00fchring ima primerno orodje. Orodja tako za standardne navoje, kot tudi nestandardne, kot naprimer EG ali oblika E.<\/h3>\n<p>&nbsp;<\/p>\n<p>&nbsp;<\/p>\n<p>&nbsp;<\/p>\n<p><a href=\"\/wp-content\/uploads\/2014\/03\/gewinde_frei.png\"><img loading=\"lazy\" decoding=\"async\" class=\"alignnone size-full wp-image-427\" src=\"\/wp-content\/uploads\/2014\/03\/gewinde_frei.png\" alt=\"gewinde_frei\" width=\"1054\" height=\"717\" \/><\/a><\/p>\n<p>&nbsp;<\/p>\n<p><a href=\"https:\/\/www.guehring.de\/en\/about-guhring\/newsroom\/downloads.php\" target=\"_blank\" rel=\"noopener\"><img loading=\"lazy\" decoding=\"async\" class=\"alignnone wp-image-1740 size-full\" src=\"\/wp-content\/uploads\/2014\/02\/pdf_grau_icon.png\" alt=\"\" width=\"80\" height=\"80\" \/><\/a> <a href=\"https:\/\/shop.guehring.de\/navigator\/?mod=gew\" target=\"_blank\" rel=\"noopener\"><img loading=\"lazy\" decoding=\"async\" class=\"alignnone wp-image-1922 size-full\" src=\"\/wp-content\/uploads\/2014\/03\/icon_navigator.png\" alt=\"icon_navigator\" width=\"80\" height=\"80\" \/><\/a><br \/>\n[\/et_pb_text][\/et_pb_column][\/et_pb_row][\/et_pb_section][et_pb_section fb_built=&#187;1&#8243; admin_label=&#187;section&#187; _builder_version=&#187;3.22&#8243; background_color=&#187;#ffffff&#187; background_image=&#187;\/wp-content\/uploads\/2014\/03\/hg_fraesen.jpg&#187; parallax=&#187;on&#187; parallax_method=&#187;off&#187; transparent_background=&#187;off&#187;][et_pb_row admin_label=&#187;row&#187; _builder_version=&#187;3.25&#8243; background_size=&#187;initial&#187; background_position=&#187;top_left&#187; background_repeat=&#187;repeat&#187;][et_pb_column type=&#187;4_4&#8243; _builder_version=&#187;3.25&#8243; custom_padding=&#187;|||&#187; custom_padding__hover=&#187;|||&#187;][et_pb_text admin_label=&#187;Text_Fr\u00e4swerkzeuge&#187; _builder_version=&#187;3.27.4&#8243; background_size=&#187;initial&#187; background_position=&#187;top_left&#187; background_repeat=&#187;repeat&#187; use_border_color=&#187;off&#187;]<a name=\"millingcutters\"><\/a><\/p>\n<p>&nbsp;<\/p>\n<p>&nbsp;<\/p>\n<h1>Rezkarji<\/h1>\n<div>\n<div>\n<h2>Skoraj neskon\u010dna \u017eivljenjska doba orodja!<\/h2>\n<h3>G\u00fchring rezkarji za orodjarsvo \u2013 krogelni, torus ali z vogalnim radijem.<\/h3>\n<\/div>\n<\/div>\n<p>&nbsp;<\/p>\n<p>&nbsp;<\/p>\n<p>&nbsp;<\/p>\n<p>&nbsp;<\/p>\n<p>&nbsp;<\/p>\n<p>&nbsp;<\/p>\n<p><a href=\"\/wp-content\/uploads\/2014\/03\/fraesen_frei.png\"><img loading=\"lazy\" decoding=\"async\" class=\"alignnone size-full wp-image-431\" src=\"\/wp-content\/uploads\/2014\/03\/fraesen_frei.png\" alt=\"fraesen_frei\" width=\"1147\" height=\"783\" \/><\/a><\/p>\n<p><a href=\"https:\/\/www.guehring.de\/en\/about-guhring\/newsroom\/downloads.php\" target=\"_blank\" rel=\"noopener\"><img loading=\"lazy\" decoding=\"async\" class=\"alignnone wp-image-1740 size-full\" src=\"\/wp-content\/uploads\/2014\/02\/pdf_grau_icon.png\" alt=\"\" width=\"80\" height=\"80\" \/><\/a> <a href=\"https:\/\/navigator.guehring.de\" target=\"_blank\" rel=\"noopener\"><img loading=\"lazy\" decoding=\"async\" class=\"alignnone wp-image-1922 size-full\" src=\"\/wp-content\/uploads\/2014\/03\/icon_navigator.png\" alt=\"icon_navigator\" width=\"80\" height=\"80\" \/><\/a><br \/>\n[\/et_pb_text][\/et_pb_column][\/et_pb_row][\/et_pb_section][et_pb_section fb_built=&#187;1&#8243; admin_label=&#187;section&#187; _builder_version=&#187;3.22&#8243; background_color=&#187;#ffffff&#187; background_image=&#187;\/wp-content\/uploads\/2014\/03\/hg_tlb.jpg&#187; parallax=&#187;on&#187; parallax_method=&#187;off&#187; transparent_background=&#187;off&#187;][et_pb_row admin_label=&#187;row&#187; _builder_version=&#187;3.25&#8243; background_size=&#187;initial&#187; background_position=&#187;top_left&#187; background_repeat=&#187;repeat&#187;][et_pb_column type=&#187;4_4&#8243; _builder_version=&#187;3.25&#8243; custom_padding=&#187;|||&#187; custom_padding__hover=&#187;|||&#187;][et_pb_text admin_label=&#187;Text_Tieflochbohrer&#187; _builder_version=&#187;3.27.4&#8243; background_size=&#187;initial&#187; background_position=&#187;top_left&#187; background_repeat=&#187;repeat&#187; use_border_color=&#187;off&#187;]<a name=\"gundrills\"><\/a><\/p>\n<p>&nbsp;<\/p>\n<h1>Topovski svedri<\/h1>\n<h2>Svedri za univerzalne aplikacije<\/h2>\n<h3>Eno in dvorezni svedri za vrtanje do globine 3000mm.<\/h3>\n<p><a href=\"\/wp-content\/uploads\/2014\/03\/producte_tlb2.png\"><img loading=\"lazy\" decoding=\"async\" class=\"alignnone size-full wp-image-1751\" src=\"\/wp-content\/uploads\/2014\/03\/producte_tlb2.png\" alt=\"producte_tlb\" width=\"1600\" height=\"1400\" srcset=\"https:\/\/www.guehring.si\/wp-content\/uploads\/2014\/03\/producte_tlb2.png 1600w, https:\/\/www.guehring.si\/wp-content\/uploads\/2014\/03\/producte_tlb2-300x262.png 300w, https:\/\/www.guehring.si\/wp-content\/uploads\/2014\/03\/producte_tlb2-1024x896.png 1024w, https:\/\/www.guehring.si\/wp-content\/uploads\/2014\/03\/producte_tlb2-1080x945.png 1080w\" sizes=\"(max-width: 1600px) 100vw, 1600px\" \/><\/a><\/p>\n<p><a href=\"https:\/\/www.guehring.de\/en\/about-guhring\/newsroom\/downloads.php\" target=\"_blank\" rel=\"noopener\"><img loading=\"lazy\" decoding=\"async\" class=\"alignnone wp-image-1740 size-full\" src=\"https:\/\/si.guehring.com\/wp-content\/uploads\/2014\/02\/pdf_grau_icon.png\" alt=\"\" width=\"80\" height=\"80\" \/><\/a> <a href=\"http:\/\/navigator.guehring.de\" target=\"_blank\" rel=\"noopener\"><img loading=\"lazy\" decoding=\"async\" class=\"alignnone wp-image-1922 size-full\" src=\"\/wp-content\/uploads\/2014\/03\/icon_navigator.png\" alt=\"icon_navigator\" width=\"80\" height=\"80\" \/><\/a><br \/>\n[\/et_pb_text][\/et_pb_column][\/et_pb_row][\/et_pb_section][et_pb_section fb_built=&#187;1&#8243; admin_label=&#187;section&#187; _builder_version=&#187;3.22&#8243; background_color=&#187;#ffffff&#187; background_image=&#187;\/wp-content\/uploads\/2014\/03\/hg_pkd.jpg&#187; parallax=&#187;on&#187; parallax_method=&#187;off&#187; transparent_background=&#187;off&#187;][et_pb_row admin_label=&#187;row&#187; _builder_version=&#187;3.25&#8243; background_size=&#187;initial&#187; background_position=&#187;top_left&#187; background_repeat=&#187;repeat&#187;][et_pb_column type=&#187;4_4&#8243; _builder_version=&#187;3.25&#8243; custom_padding=&#187;|||&#187; custom_padding__hover=&#187;|||&#187;][et_pb_text admin_label=&#187;Text_PKD&#187; _builder_version=&#187;3.27.4&#8243; background_size=&#187;initial&#187; background_position=&#187;top_left&#187; background_repeat=&#187;repeat&#187; use_border_color=&#187;off&#187;]<a name=\"pcd\"><\/a><\/p>\n<p>&nbsp;<\/p>\n<h1>PKD\/CBN<\/h1>\n<h2>Energetsko u\u010dinkovite in \u03bc-natan\u010dne re\u0161itve za zahtevne naloge<\/h2>\n<h4>Na\u0161e obmo\u010dje PCD \/ CBN orodjij vklju\u010duje tako standardna orodja pa tudi specialna in kompleksna orodja, kot naprimer orodje za fino povrtavanje ali kombinacija orodij, ki omogo\u010dajo razli\u010dne operacije strojne obdelave le z enim orodjem. Prednosti:<\/h4>\n<h4>&#8211; Inteligentne re\u0161itve za zmanj\u0161anje \u0161tevila razli\u010dnih orodij, kot tudi zni\u017eanje obdelovalnih in pripravljalnih \u010dasov<br \/>\n&#8211; Orodja za \u03bc-natan\u010dno obdelavo<br \/>\n&#8211; Orodja za maksimalne rezilne parametre in kratke obdelovalne \u010dase<br \/>\n&#8211; Odporne na obrabo, za maksimalno \u017eivljenjsko dobo orodja<\/h4>\n<p><a href=\"\/wp-content\/uploads\/2014\/03\/pkd_frei.png\"><img loading=\"lazy\" decoding=\"async\" class=\"alignnone size-full wp-image-563\" src=\"\/wp-content\/uploads\/2014\/03\/pkd_frei.png\" alt=\"pkd_frei\" width=\"944\" height=\"806\" \/><\/a><\/p>\n<p><a href=\"https:\/\/www.guehring.de\/en\/about-guhring\/newsroom\/downloads.php\" target=\"_blank\" rel=\"noopener\"><img loading=\"lazy\" decoding=\"async\" class=\"alignnone wp-image-1740 size-full\" src=\"\/wp-content\/uploads\/2014\/02\/pdf_grau_icon.png\" alt=\"\" width=\"80\" height=\"80\" \/><\/a> <a href=\"https:\/\/www.youtube.com\/playlist?list=PLRIi800G3HjVoRMwzrx7HRxAg37YUm_7r\" target=\"_blank\" rel=\"noopener\"><img loading=\"lazy\" decoding=\"async\" class=\"alignnone wp-image-1322 size-full\" src=\"http:\/\/wpsi.guehring.de\/wp-content\/uploads\/2014\/03\/video_grau_icon.png\" alt=\"\" width=\"80\" height=\"80\" \/><\/a><br \/>\n[\/et_pb_text][\/et_pb_column][\/et_pb_row][\/et_pb_section][et_pb_section fb_built=&#187;1&#8243; admin_label=&#187;section&#187; _builder_version=&#187;3.22&#8243; background_color=&#187;#ffffff&#187; background_image=&#187;\/wp-content\/uploads\/2014\/03\/senken.jpg&#187; parallax=&#187;on&#187; parallax_method=&#187;off&#187; transparent_background=&#187;off&#187;][et_pb_row admin_label=&#187;row&#187; _builder_version=&#187;3.25&#8243; background_size=&#187;initial&#187; background_position=&#187;top_left&#187; background_repeat=&#187;repeat&#187;][et_pb_column type=&#187;4_4&#8243; _builder_version=&#187;3.25&#8243; custom_padding=&#187;|||&#187; custom_padding__hover=&#187;|||&#187;][et_pb_text admin_label=&#187;Text_countersinking&#187; _builder_version=&#187;3.27.4&#8243; background_size=&#187;initial&#187; background_position=&#187;top_left&#187; background_repeat=&#187;repeat&#187; use_border_color=&#187;off&#187;]<a name=\"countersinking\"><\/a><\/p>\n<p>&nbsp;<\/p>\n<p>&nbsp;<\/p>\n<h1>Grezenje<\/h1>\n<h2>Ve\u010d kot grezenje!<\/h2>\n<p>&nbsp;<\/p>\n<p><a href=\"https:\/\/www.guehring.de\/en\/about-guhring\/newsroom\/downloads.php\" target=\"_blank\" rel=\"noopener\"><img loading=\"lazy\" decoding=\"async\" class=\"alignnone wp-image-1740 size-full\" src=\"http:\/\/wpsi.guehring.de\/wp-content\/uploads\/2014\/02\/pdf_grau_icon.png\" alt=\"\" width=\"80\" height=\"80\" \/><\/a> <a href=\"http:\/\/navigator.guehring.de\" target=\"_blank\" rel=\"noopener\"><img loading=\"lazy\" decoding=\"async\" class=\"alignnone wp-image-1922 size-full\" src=\"http:\/\/wpsi.guehring.de\/wp-content\/uploads\/2014\/03\/icon_navigator.png\" alt=\"\" width=\"80\" height=\"80\" \/><\/a><br \/>\n[\/et_pb_text][et_pb_divider show_divider=&#187;off&#187; disabled_on=&#187;on|on|off&#187; _builder_version=&#187;3.23.4&#8243; height=&#187;500px&#187;]&nbsp;<br \/>\n[\/et_pb_divider][\/et_pb_column][\/et_pb_row][\/et_pb_section][et_pb_section fb_built=&#187;1&#8243; admin_label=&#187;section&#187; _builder_version=&#187;3.22&#8243; background_color=&#187;#ffffff&#187; background_image=&#187;\/wp-content\/uploads\/2014\/03\/reiben.jpg&#187; parallax=&#187;on&#187; parallax_method=&#187;off&#187; transparent_background=&#187;off&#187;][et_pb_row admin_label=&#187;row&#187; _builder_version=&#187;3.25&#8243; background_size=&#187;initial&#187; background_position=&#187;top_left&#187; background_repeat=&#187;repeat&#187;][et_pb_column type=&#187;4_4&#8243; _builder_version=&#187;3.25&#8243; custom_padding=&#187;|||&#187; custom_padding__hover=&#187;|||&#187;][et_pb_text admin_label=&#187;Text_reibahlen&#187; _builder_version=&#187;3.27.4&#8243; background_size=&#187;initial&#187; background_position=&#187;top_left&#187; background_repeat=&#187;repeat&#187; use_border_color=&#187;off&#187;]<a name=\"reaming\"><\/a><\/p>\n<p>&nbsp;<\/p>\n<p>&nbsp;<\/p>\n<h1>Povrtavanje<\/h1>\n<div>\n<div>\n<h2>Popolnost izvrtine!<\/h2>\n<h3>Nudimo vam povrtala, ki omogo\u010dajo ekstremne pomike in stabilnost procesa v vseh materialih.<\/h3>\n<p>&nbsp;<\/p>\n<p><a href=\"https:\/\/www.guehring.de\/en\/about-guhring\/newsroom\/downloads.php\" target=\"_blank\" rel=\"noopener\"><img loading=\"lazy\" decoding=\"async\" class=\"alignnone wp-image-1740 size-full\" src=\"\/wp-content\/uploads\/2014\/02\/pdf_grau_icon.png\" alt=\"\" width=\"80\" height=\"80\" \/><\/a> <a href=\"http:\/\/navigator.guehring.de\/navigator\/index.php?mod=sta\" target=\"_blank\" rel=\"noopener\"><img loading=\"lazy\" decoding=\"async\" class=\"alignnone wp-image-1922 size-full\" src=\"\/wp-content\/uploads\/2014\/03\/icon_navigator.png\" alt=\"icon_navigator\" width=\"80\" height=\"80\" \/><\/a><\/p>\n<\/div>\n<\/div>\n<p>[\/et_pb_text][et_pb_divider show_divider=&#187;off&#187; disabled_on=&#187;on|on|off&#187; _builder_version=&#187;3.23.4&#8243; height=&#187;500px&#187;]&nbsp;<br \/>\n[\/et_pb_divider][\/et_pb_column][\/et_pb_row][\/et_pb_section][et_pb_section fb_built=&#187;1&#8243; admin_label=&#187;section&#187; _builder_version=&#187;3.22&#8243; background_color=&#187;#ffffff&#187; background_image=&#187;\/wp-content\/uploads\/2014\/03\/spanwerkzeuge.jpg&#187; transparent_background=&#187;off&#187;][et_pb_row admin_label=&#187;row&#187; _builder_version=&#187;3.25&#8243; background_size=&#187;initial&#187; background_position=&#187;top_left&#187; background_repeat=&#187;repeat&#187;][et_pb_column type=&#187;4_4&#8243; _builder_version=&#187;3.25&#8243; custom_padding=&#187;|||&#187; custom_padding__hover=&#187;|||&#187;][et_pb_text admin_label=&#187;Text_Spannmittel&#187; _builder_version=&#187;3.27.4&#8243; background_size=&#187;initial&#187; background_position=&#187;top_left&#187; background_repeat=&#187;repeat&#187; use_border_color=&#187;off&#187;]<a name=\"toolholders\"><\/a><\/p>\n<p>&nbsp;<\/p>\n<p>&nbsp;<\/p>\n<h1>Vpenjala za orodje<\/h1>\n<h2>Od vretena do rezila<\/h2>\n<h2>Inovacije za kovinsko industrijo<\/h2>\n<h3>Vpenjala za neposredno hidravli\u010dno vpetje orodij od \u00d8 3mm naprej<\/h3>\n<h3>Aksialno in radialno \u03bc nastavljivo precizno vpenjanje<\/h3>\n<h2><a href=\"https:\/\/www.guehring.de\/en\/about-guhring\/newsroom\/downloads.php\" target=\"_blank\" rel=\"noopener\"><img loading=\"lazy\" decoding=\"async\" class=\"alignnone wp-image-1468 size-full\" src=\"https:\/\/si.guehring.com\/wp-content\/uploads\/2014\/03\/pdf_8080.png\" alt=\"\" width=\"80\" height=\"80\" \/><\/a><\/h2>\n<p>[\/et_pb_text][\/et_pb_column][\/et_pb_row][et_pb_row admin_label=&#187;row&#187; _builder_version=&#187;3.25&#8243; background_size=&#187;initial&#187; background_position=&#187;top_left&#187; background_repeat=&#187;repeat&#187; column_structure=&#187;1_2,1_2&#8243;][et_pb_column type=&#187;1_2&#8243; _builder_version=&#187;3.25&#8243; custom_padding=&#187;|||&#187; custom_padding__hover=&#187;|||&#187;][et_pb_text _builder_version=&#187;3.27.4&#8243; background_size=&#187;initial&#187; background_position=&#187;top_left&#187; background_repeat=&#187;repeat&#187; use_border_color=&#187;off&#187; border_color=&#187;#ffffff&#187; border_style=&#187;solid&#187;]<\/p>\n<h2>Najvarnej\u0161e nakr\u010dno vpenjalo<\/h2>\n<h3>Edinstven indikator TSG 3000 temperature ka\u017ee, ali je vpenjalo vro\u010de ali hladno.<\/h3>\n<p>[\/et_pb_text][et_pb_divider show_divider=&#187;off&#187; disabled_on=&#187;on|on|off&#187; _builder_version=&#187;3.23.4&#8243; height=&#187;250px&#187;]&nbsp;<br \/>\n[\/et_pb_divider][\/et_pb_column][et_pb_column type=&#187;1_2&#8243; _builder_version=&#187;3.25&#8243; custom_padding=&#187;|||&#187; custom_padding__hover=&#187;|||&#187;][\/et_pb_column][\/et_pb_row][\/et_pb_section]<\/p>\n","protected":false},"excerpt":{"rendered":"<p>&nbsp; &nbsp; &nbsp; Vrtanje Prefinjena tehnologija vrtanja! Na\u0161 izbor svedrov zajema mikro svedre od \u00d8 0,1 mm do posebnih svedrov premera \u00d8 180 mm, HSS ali trdokovinski. 25.000 proizvodov za vsako uporabo: Kdo ponuja ve\u010d? &nbsp; &nbsp; &nbsp; Navojno orodje Popolni navoji! Navojni svedri, vtiskovalci ali navojni rezkarji &#8211; G\u00fchring ima primerno orodje. Orodja tako [&hellip;]<\/p>\n","protected":false},"author":1,"featured_media":0,"parent":0,"menu_order":0,"comment_status":"open","ping_status":"open","template":"","meta":{"_et_pb_use_builder":"on","_et_pb_old_content":"[et_pb_section][et_pb_row][\/et_pb_row][\/et_pb_section]","_et_gb_content_width":"","footnotes":""},"class_list":["post-164","page","type-page","status-publish","hentry"],"_links":{"self":[{"href":"https:\/\/www.guehring.si\/index.php?rest_route=\/wp\/v2\/pages\/164","targetHints":{"allow":["GET"]}}],"collection":[{"href":"https:\/\/www.guehring.si\/index.php?rest_route=\/wp\/v2\/pages"}],"about":[{"href":"https:\/\/www.guehring.si\/index.php?rest_route=\/wp\/v2\/types\/page"}],"author":[{"embeddable":true,"href":"https:\/\/www.guehring.si\/index.php?rest_route=\/wp\/v2\/users\/1"}],"replies":[{"embeddable":true,"href":"https:\/\/www.guehring.si\/index.php?rest_route=%2Fwp%2Fv2%2Fcomments&post=164"}],"version-history":[{"count":65,"href":"https:\/\/www.guehring.si\/index.php?rest_route=\/wp\/v2\/pages\/164\/revisions"}],"predecessor-version":[{"id":4409,"href":"https:\/\/www.guehring.si\/index.php?rest_route=\/wp\/v2\/pages\/164\/revisions\/4409"}],"wp:attachment":[{"href":"https:\/\/www.guehring.si\/index.php?rest_route=%2Fwp%2Fv2%2Fmedia&parent=164"}],"curies":[{"name":"wp","href":"https:\/\/api.w.org\/{rel}","templated":true}]}}